{"id":1506,"date":"2023-06-15T22:01:36","date_gmt":"2023-06-15T22:01:36","guid":{"rendered":"https:\/\/www.hasnaanajmi.com\/wp\/dolunay\/?page_id=1506"},"modified":"2025-01-20T17:51:33","modified_gmt":"2025-01-20T17:51:33","slug":"luxury-gates","status":"publish","type":"page","link":"https:\/\/poisesrl.com\/index.php\/luxury-gates\/","title":{"rendered":"gates luxury"},"content":{"rendered":"\t\t<div data-elementor-type=\"wp-page\" data-elementor-id=\"1506\" class=\"elementor elementor-1506\">\n\t\t\t\t\t\t<section class=\"elementor-section elementor-top-section elementor-element elementor-element-1886491 elementor-section-boxed elementor-section-height-default elementor-section-height-default\" data-id=\"1886491\" data-element_type=\"section\" data-settings=\"{&quot;background_background&quot;:&quot;classic&quot;}\">\n\t\t\t\t\t\t\t<div class=\"elementor-background-overlay\"><\/div>\n\t\t\t\t\t\t\t<div class=\"elementor-container elementor-column-gap-default\">\n\t\t\t\t\t<div class=\"elementor-column elementor-col-100 elementor-top-column elementor-element elementor-element-552fe807\" data-id=\"552fe807\" data-element_type=\"column\">\n\t\t\t<div class=\"elementor-widget-wrap elementor-element-populated\">\n\t\t\t\t\t\t<div class=\"elementor-element elementor-element-4bfc158 elementor-widget elementor-widget-heading\" data-id=\"4bfc158\" data-element_type=\"widget\" data-widget_type=\"heading.default\">\n\t\t\t\t<div class=\"elementor-widget-container\">\n\t\t\t\t\t<h2 class=\"elementor-heading-title elementor-size-default\">luxury gates<\/h2>\t\t\t\t<\/div>\n\t\t\t\t<\/div>\n\t\t\t\t\t<\/div>\n\t\t<\/div>\n\t\t\t\t\t<\/div>\n\t\t<\/section>\n\t\t\t\t<section class=\"elementor-section elementor-top-section elementor-element elementor-element-e9dca1c elementor-section-boxed elementor-section-height-default elementor-section-height-default\" data-id=\"e9dca1c\" data-element_type=\"section\" data-settings=\"{&quot;background_background&quot;:&quot;classic&quot;}\">\n\t\t\t\t\t\t<div class=\"elementor-container elementor-column-gap-default\">\n\t\t\t\t\t<div class=\"elementor-column elementor-col-33 elementor-top-column elementor-element elementor-element-66aaac8 elementor-invisible\" data-id=\"66aaac8\" data-element_type=\"column\" data-settings=\"{&quot;background_background&quot;:&quot;classic&quot;,&quot;animation&quot;:&quot;fadeInUp&quot;}\">\n\t\t\t<div class=\"elementor-widget-wrap elementor-element-populated\">\n\t\t\t\t\t\t\t<\/div>\n\t\t<\/div>\n\t\t\t\t<div class=\"elementor-column elementor-col-66 elementor-top-column elementor-element elementor-element-7037e42\" data-id=\"7037e42\" data-element_type=\"column\">\n\t\t\t<div class=\"elementor-widget-wrap elementor-element-populated\">\n\t\t\t\t\t\t<section class=\"elementor-section elementor-inner-section elementor-element elementor-element-023661c elementor-section-boxed elementor-section-height-default elementor-section-height-default\" data-id=\"023661c\" data-element_type=\"section\">\n\t\t\t\t\t\t<div class=\"elementor-container elementor-column-gap-default\">\n\t\t\t\t\t<div class=\"elementor-column elementor-col-100 elementor-inner-column elementor-element elementor-element-23e40f3 elementor-invisible\" data-id=\"23e40f3\" data-element_type=\"column\" data-settings=\"{&quot;animation&quot;:&quot;fadeInRight&quot;}\">\n\t\t\t<div class=\"elementor-widget-wrap elementor-element-populated\">\n\t\t\t\t\t\t<div class=\"elementor-element elementor-element-7033657 elementor-widget elementor-widget-heading\" data-id=\"7033657\" data-element_type=\"widget\" data-widget_type=\"heading.default\">\n\t\t\t\t<div class=\"elementor-widget-container\">\n\t\t\t\t\t<h2 class=\"elementor-heading-title elementor-size-default\">gates luxury<\/h2>\t\t\t\t<\/div>\n\t\t\t\t<\/div>\n\t\t\t\t<div class=\"elementor-element elementor-element-c34987a elementor-widget-divider--view-line elementor-widget elementor-widget-divider\" data-id=\"c34987a\" data-element_type=\"widget\" data-widget_type=\"divider.default\">\n\t\t\t\t<div class=\"elementor-widget-container\">\n\t\t\t\t\t\t\t<div class=\"elementor-divider\">\n\t\t\t<span class=\"elementor-divider-separator\">\n\t\t\t\t\t\t<\/span>\n\t\t<\/div>\n\t\t\t\t\t\t<\/div>\n\t\t\t\t<\/div>\n\t\t\t\t<div class=\"elementor-element elementor-element-2e77866 elementor-widget elementor-widget-text-editor\" data-id=\"2e77866\" data-element_type=\"widget\" data-widget_type=\"text-editor.default\">\n\t\t\t\t<div class=\"elementor-widget-container\">\n\t\t\t\t\t\t\t\t\t<p>Poise \u00e8 il compimento della fusione tra una passione personale per \u201cl\u2019artigianato artistico\u201d e l\u2019esperienza imprenditoriale del passato. Avevo 10 anni, quando un giorno a pranzo mio nonno che viveva in casa con noi, mi disse: Nel pomeriggio dobbiamo cambiare il poise della porta della stalla che si \u00e8 rotto. Non sapevo che intendesse ma da allora questo termine, che trovo poetico, mi \u00e8 rimasto sempre in mente, rimbalzando spesso nei miei sogni. Il poise nel nostro dialetto non \u00e8 altro che il cardine che sostiene la porta, mio nonno ci tenne a precisare che era la parte pi\u00f9 importante perch\u00e9 era il maschio del cardine. Politicamente non corretto ma nel 1980 non si badava molto a queste cose.\u00a0<\/p>\t\t\t\t\t\t\t\t<\/div>\n\t\t\t\t<\/div>\n\t\t\t\t\t<\/div>\n\t\t<\/div>\n\t\t\t\t\t<\/div>\n\t\t<\/section>\n\t\t\t\t<section class=\"elementor-section elementor-inner-section elementor-element elementor-element-d79a321 elementor-section-boxed elementor-section-height-default elementor-section-height-default\" data-id=\"d79a321\" data-element_type=\"section\">\n\t\t\t\t\t\t<div class=\"elementor-container elementor-column-gap-default\">\n\t\t\t\t\t<div class=\"elementor-column elementor-col-100 elementor-inner-column elementor-element elementor-element-8c17d25 elementor-invisible\" data-id=\"8c17d25\" data-element_type=\"column\" data-settings=\"{&quot;animation&quot;:&quot;fadeInRight&quot;}\">\n\t\t\t<div class=\"elementor-widget-wrap elementor-element-populated\">\n\t\t\t\t\t\t<div class=\"elementor-element elementor-element-70532e5 elementor-widget elementor-widget-heading\" data-id=\"70532e5\" data-element_type=\"widget\" data-widget_type=\"heading.default\">\n\t\t\t\t<div class=\"elementor-widget-container\">\n\t\t\t\t\t<h2 class=\"elementor-heading-title elementor-size-default\">gates luxury<\/h2>\t\t\t\t<\/div>\n\t\t\t\t<\/div>\n\t\t\t\t<div class=\"elementor-element elementor-element-6fea152 elementor-widget-divider--view-line elementor-widget elementor-widget-divider\" data-id=\"6fea152\" data-element_type=\"widget\" data-widget_type=\"divider.default\">\n\t\t\t\t<div class=\"elementor-widget-container\">\n\t\t\t\t\t\t\t<div class=\"elementor-divider\">\n\t\t\t<span class=\"elementor-divider-separator\">\n\t\t\t\t\t\t<\/span>\n\t\t<\/div>\n\t\t\t\t\t\t<\/div>\n\t\t\t\t<\/div>\n\t\t\t\t<div class=\"elementor-element elementor-element-97962f1 elementor-widget elementor-widget-text-editor\" data-id=\"97962f1\" data-element_type=\"widget\" data-widget_type=\"text-editor.default\">\n\t\t\t\t<div class=\"elementor-widget-container\">\n\t\t\t\t\t\t\t\t\t<p>Poise, marchio registrato presso il Ministero delle Imprese e del Made IN Italy, rappresenta una serie di modelli di cancelli, depositati anch\u2019essi e protetti da Copyright in tutta la Comunit\u00e0 Europea.\u00a0<\/p>\t\t\t\t\t\t\t\t<\/div>\n\t\t\t\t<\/div>\n\t\t\t\t\t<\/div>\n\t\t<\/div>\n\t\t\t\t\t<\/div>\n\t\t<\/section>\n\t\t\t\t<section class=\"elementor-section elementor-inner-section elementor-element elementor-element-ba4594f elementor-section-boxed elementor-section-height-default elementor-section-height-default\" data-id=\"ba4594f\" data-element_type=\"section\">\n\t\t\t\t\t\t<div class=\"elementor-container elementor-column-gap-default\">\n\t\t\t\t\t<div class=\"elementor-column elementor-col-100 elementor-inner-column elementor-element elementor-element-6ace769 elementor-invisible\" data-id=\"6ace769\" data-element_type=\"column\" data-settings=\"{&quot;animation&quot;:&quot;fadeInRight&quot;}\">\n\t\t\t<div class=\"elementor-widget-wrap elementor-element-populated\">\n\t\t\t\t\t\t<div class=\"elementor-element elementor-element-c6cb9c2 elementor-widget elementor-widget-heading\" data-id=\"c6cb9c2\" data-element_type=\"widget\" data-widget_type=\"heading.default\">\n\t\t\t\t<div class=\"elementor-widget-container\">\n\t\t\t\t\t<h2 class=\"elementor-heading-title elementor-size-default\">gates luxury<\/h2>\t\t\t\t<\/div>\n\t\t\t\t<\/div>\n\t\t\t\t<div class=\"elementor-element elementor-element-6418a79 elementor-widget-divider--view-line elementor-widget elementor-widget-divider\" data-id=\"6418a79\" data-element_type=\"widget\" data-widget_type=\"divider.default\">\n\t\t\t\t<div class=\"elementor-widget-container\">\n\t\t\t\t\t\t\t<div class=\"elementor-divider\">\n\t\t\t<span class=\"elementor-divider-separator\">\n\t\t\t\t\t\t<\/span>\n\t\t<\/div>\n\t\t\t\t\t\t<\/div>\n\t\t\t\t<\/div>\n\t\t\t\t<div class=\"elementor-element elementor-element-bafb003 elementor-widget elementor-widget-text-editor\" data-id=\"bafb003\" data-element_type=\"widget\" data-widget_type=\"text-editor.default\">\n\t\t\t\t<div class=\"elementor-widget-container\">\n\t\t\t\t\t\t\t\t\t<p>I modelli nella maggior parte sono semplici ed eleganti e si adattano a tutte le tipologie di ville. Lo slogan\u00a0 Stand Aut (distinguiti) rappresenta al meglio la filosofia del prodotto e volutamente non adatto a tutti. Distinguersi \u00e8 sempre stata una passione personale, non arrogante, ma bens\u00ec una alternativa alla visione comune nella stragrande maggioranza delle persone. Poise intende fornire cancelli unici in qualit\u00e0, zincati prima della tinteggiatura oppure in Corten, con garanzia di 10 anni su tutte le parti del cancello tranne le parti di consumo. Poise pu\u00f2 fornirvi solo il cancello con posa in opera oppure fornirvi un pacchetto completo con motorizzazione e aggancio all\u2019energia elettrica dai pozzetti.<\/p>\t\t\t\t\t\t\t\t<\/div>\n\t\t\t\t<\/div>\n\t\t\t\t\t<\/div>\n\t\t<\/div>\n\t\t\t\t\t<\/div>\n\t\t<\/section>\n\t\t\t\t<section class=\"elementor-section elementor-inner-section elementor-element elementor-element-0fe6ac0 elementor-section-boxed elementor-section-height-default elementor-section-height-default\" data-id=\"0fe6ac0\" data-element_type=\"section\">\n\t\t\t\t\t\t<div class=\"elementor-container elementor-column-gap-default\">\n\t\t\t\t\t<div class=\"elementor-column elementor-col-100 elementor-inner-column elementor-element elementor-element-af52002 elementor-invisible\" data-id=\"af52002\" data-element_type=\"column\" data-settings=\"{&quot;animation&quot;:&quot;fadeInRight&quot;}\">\n\t\t\t<div class=\"elementor-widget-wrap elementor-element-populated\">\n\t\t\t\t\t\t<div class=\"elementor-element elementor-element-6cb3ea9 elementor-widget-divider--view-line elementor-widget elementor-widget-divider\" data-id=\"6cb3ea9\" data-element_type=\"widget\" data-widget_type=\"divider.default\">\n\t\t\t\t<div class=\"elementor-widget-container\">\n\t\t\t\t\t\t\t<div class=\"elementor-divider\">\n\t\t\t<span class=\"elementor-divider-separator\">\n\t\t\t\t\t\t<\/span>\n\t\t<\/div>\n\t\t\t\t\t\t<\/div>\n\t\t\t\t<\/div>\n\t\t\t\t<div class=\"elementor-element elementor-element-5d6bc17 elementor-widget elementor-widget-text-editor\" data-id=\"5d6bc17\" data-element_type=\"widget\" data-widget_type=\"text-editor.default\">\n\t\t\t\t<div class=\"elementor-widget-container\">\n\t\t\t\t\t\t\t\t\t<h4>Se sei nella norma non chiamare.<\/h4>\t\t\t\t\t\t\t\t<\/div>\n\t\t\t\t<\/div>\n\t\t\t\t\t<\/div>\n\t\t<\/div>\n\t\t\t\t\t<\/div>\n\t\t<\/section>\n\t\t\t\t\t<\/div>\n\t\t<\/div>\n\t\t\t\t\t<\/div>\n\t\t<\/section>\n\t\t\t\t<section class=\"elementor-section elementor-top-section elementor-element elementor-element-35e17bc elementor-section-boxed elementor-section-height-default elementor-section-height-default\" data-id=\"35e17bc\" data-element_type=\"section\">\n\t\t\t\t\t\t<div class=\"elementor-container elementor-column-gap-default\">\n\t\t\t\t\t<div class=\"elementor-column elementor-col-100 elementor-top-column elementor-element elementor-element-3727e56\" data-id=\"3727e56\" data-element_type=\"column\">\n\t\t\t<div class=\"elementor-widget-wrap elementor-element-populated\">\n\t\t\t\t\t\t<div class=\"elementor-element elementor-element-d672b5b elementor-widget elementor-widget-text-editor\" data-id=\"d672b5b\" data-element_type=\"widget\" data-widget_type=\"text-editor.default\">\n\t\t\t\t<div class=\"elementor-widget-container\">\n\t\t\t\t\t\t\t\t\t<a href=\"https:\/\/it.wikipedia.org\/wiki\/Acciaio_Corten\">Acciaio Corten<\/a>\t\t\t\t\t\t\t\t<\/div>\n\t\t\t\t<\/div>\n\t\t\t\t\t<\/div>\n\t\t<\/div>\n\t\t\t\t\t<\/div>\n\t\t<\/section>\n\t\t\t\t<\/div>\n\t\t","protected":false},"excerpt":{"rendered":"<p>luxury gates gates luxury Poise \u00e8 il compimento della fusione tra una passione personale per &#8230;<\/p>\n","protected":false},"author":1,"featured_media":4068,"parent":0,"menu_order":0,"comment_status":"closed","ping_status":"closed","template":"","meta":{"footnotes":""},"class_list":["post-1506","page","type-page","status-publish","has-post-thumbnail","hentry"],"yoast_head":"<!-- This site is optimized with the Yoast SEO plugin v25.2 - https:\/\/yoast.com\/wordpress\/plugins\/seo\/ -->\n<title>cancelli di qualit\u00e0 gates luxury -<\/title>\n<meta name=\"description\" content=\"Poise intende fornire cancelli unici in qualit\u00e0, zincati prima della tinteggiatura oppure in Corten, con garanzia di 10 anni su tutte le parti del cancello tranne le parti di consumo.\" \/>\n<meta name=\"robots\" content=\"index, follow, max-snippet:-1, max-image-preview:large, max-video-preview:-1\" \/>\n<link rel=\"canonical\" href=\"https:\/\/poisesrl.com\/index.php\/luxury-gates\/\" \/>\n<meta property=\"og:locale\" content=\"it_IT\" \/>\n<meta property=\"og:type\" content=\"article\" \/>\n<meta property=\"og:title\" content=\"cancelli di qualit\u00e0 gates luxury -\" \/>\n<meta property=\"og:description\" content=\"Poise intende fornire cancelli unici in qualit\u00e0, zincati prima della tinteggiatura oppure in Corten, con garanzia di 10 anni su tutte le parti del cancello tranne le parti di consumo.\" \/>\n<meta property=\"og:url\" content=\"https:\/\/poisesrl.com\/index.php\/luxury-gates\/\" \/>\n<meta property=\"article:modified_time\" content=\"2025-01-20T17:51:33+00:00\" \/>\n<meta property=\"og:image\" content=\"https:\/\/poisesrl.com\/wp-content\/uploads\/2023\/02\/Frezza.jpg\" \/>\n\t<meta property=\"og:image:width\" content=\"790\" \/>\n\t<meta property=\"og:image:height\" content=\"489\" \/>\n\t<meta property=\"og:image:type\" content=\"image\/jpeg\" \/>\n<meta name=\"twitter:card\" content=\"summary_large_image\" \/>\n<meta name=\"twitter:label1\" content=\"Tempo di lettura stimato\" \/>\n\t<meta name=\"twitter:data1\" content=\"2 minuti\" \/>\n<script type=\"application\/ld+json\" class=\"yoast-schema-graph\">{\"@context\":\"https:\/\/schema.org\",\"@graph\":[{\"@type\":\"WebPage\",\"@id\":\"https:\/\/poisesrl.com\/index.php\/luxury-gates\/\",\"url\":\"https:\/\/poisesrl.com\/index.php\/luxury-gates\/\",\"name\":\"cancelli di qualit\u00e0 gates luxury -\",\"isPartOf\":{\"@id\":\"https:\/\/poisesrl.com\/#website\"},\"primaryImageOfPage\":{\"@id\":\"https:\/\/poisesrl.com\/index.php\/luxury-gates\/#primaryimage\"},\"image\":{\"@id\":\"https:\/\/poisesrl.com\/index.php\/luxury-gates\/#primaryimage\"},\"thumbnailUrl\":\"https:\/\/poisesrl.com\/wp-content\/uploads\/2023\/02\/Frezza.jpg\",\"datePublished\":\"2023-06-15T22:01:36+00:00\",\"dateModified\":\"2025-01-20T17:51:33+00:00\",\"description\":\"Poise intende fornire cancelli unici in qualit\u00e0, zincati prima della tinteggiatura oppure in Corten, con garanzia di 10 anni su tutte le parti del cancello tranne le parti di consumo.\",\"breadcrumb\":{\"@id\":\"https:\/\/poisesrl.com\/index.php\/luxury-gates\/#breadcrumb\"},\"inLanguage\":\"it-IT\",\"potentialAction\":[{\"@type\":\"ReadAction\",\"target\":[\"https:\/\/poisesrl.com\/index.php\/luxury-gates\/\"]}]},{\"@type\":\"ImageObject\",\"inLanguage\":\"it-IT\",\"@id\":\"https:\/\/poisesrl.com\/index.php\/luxury-gates\/#primaryimage\",\"url\":\"https:\/\/poisesrl.com\/wp-content\/uploads\/2023\/02\/Frezza.jpg\",\"contentUrl\":\"https:\/\/poisesrl.com\/wp-content\/uploads\/2023\/02\/Frezza.jpg\",\"width\":790,\"height\":489},{\"@type\":\"BreadcrumbList\",\"@id\":\"https:\/\/poisesrl.com\/index.php\/luxury-gates\/#breadcrumb\",\"itemListElement\":[{\"@type\":\"ListItem\",\"position\":1,\"name\":\"Home\",\"item\":\"https:\/\/poisesrl.com\/\"},{\"@type\":\"ListItem\",\"position\":2,\"name\":\"gates luxury\"}]},{\"@type\":\"WebSite\",\"@id\":\"https:\/\/poisesrl.com\/#website\",\"url\":\"https:\/\/poisesrl.com\/\",\"name\":\"https:\/\/poisesrl.com\/\",\"description\":\"Cancelli per Ville Lusso Luxury Poise srl \",\"publisher\":{\"@id\":\"https:\/\/poisesrl.com\/#organization\"},\"potentialAction\":[{\"@type\":\"SearchAction\",\"target\":{\"@type\":\"EntryPoint\",\"urlTemplate\":\"https:\/\/poisesrl.com\/?s={search_term_string}\"},\"query-input\":{\"@type\":\"PropertyValueSpecification\",\"valueRequired\":true,\"valueName\":\"search_term_string\"}}],\"inLanguage\":\"it-IT\"},{\"@type\":\"Organization\",\"@id\":\"https:\/\/poisesrl.com\/#organization\",\"name\":\"cancelli per ville\",\"url\":\"https:\/\/poisesrl.com\/\",\"logo\":{\"@type\":\"ImageObject\",\"inLanguage\":\"it-IT\",\"@id\":\"https:\/\/poisesrl.com\/#\/schema\/logo\/image\/\",\"url\":\"https:\/\/poisesrl.com\/wp-content\/uploads\/2024\/12\/logohomepage.jpg\",\"contentUrl\":\"https:\/\/poisesrl.com\/wp-content\/uploads\/2024\/12\/logohomepage.jpg\",\"width\":1004,\"height\":894,\"caption\":\"cancelli per ville\"},\"image\":{\"@id\":\"https:\/\/poisesrl.com\/#\/schema\/logo\/image\/\"}}]}<\/script>\n<!-- \/ Yoast SEO plugin. -->","yoast_head_json":{"title":"cancelli di qualit\u00e0 gates luxury -","description":"Poise intende fornire cancelli unici in qualit\u00e0, zincati prima della tinteggiatura oppure in Corten, con garanzia di 10 anni su tutte le parti del cancello tranne le parti di consumo.","robots":{"index":"index","follow":"follow","max-snippet":"max-snippet:-1","max-image-preview":"max-image-preview:large","max-video-preview":"max-video-preview:-1"},"canonical":"https:\/\/poisesrl.com\/index.php\/luxury-gates\/","og_locale":"it_IT","og_type":"article","og_title":"cancelli di qualit\u00e0 gates luxury -","og_description":"Poise intende fornire cancelli unici in qualit\u00e0, zincati prima della tinteggiatura oppure in Corten, con garanzia di 10 anni su tutte le parti del cancello tranne le parti di consumo.","og_url":"https:\/\/poisesrl.com\/index.php\/luxury-gates\/","article_modified_time":"2025-01-20T17:51:33+00:00","og_image":[{"width":790,"height":489,"url":"https:\/\/poisesrl.com\/wp-content\/uploads\/2023\/02\/Frezza.jpg","type":"image\/jpeg"}],"twitter_card":"summary_large_image","twitter_misc":{"Tempo di lettura stimato":"2 minuti"},"schema":{"@context":"https:\/\/schema.org","@graph":[{"@type":"WebPage","@id":"https:\/\/poisesrl.com\/index.php\/luxury-gates\/","url":"https:\/\/poisesrl.com\/index.php\/luxury-gates\/","name":"cancelli di qualit\u00e0 gates luxury -","isPartOf":{"@id":"https:\/\/poisesrl.com\/#website"},"primaryImageOfPage":{"@id":"https:\/\/poisesrl.com\/index.php\/luxury-gates\/#primaryimage"},"image":{"@id":"https:\/\/poisesrl.com\/index.php\/luxury-gates\/#primaryimage"},"thumbnailUrl":"https:\/\/poisesrl.com\/wp-content\/uploads\/2023\/02\/Frezza.jpg","datePublished":"2023-06-15T22:01:36+00:00","dateModified":"2025-01-20T17:51:33+00:00","description":"Poise intende fornire cancelli unici in qualit\u00e0, zincati prima della tinteggiatura oppure in Corten, con garanzia di 10 anni su tutte le parti del cancello tranne le parti di consumo.","breadcrumb":{"@id":"https:\/\/poisesrl.com\/index.php\/luxury-gates\/#breadcrumb"},"inLanguage":"it-IT","potentialAction":[{"@type":"ReadAction","target":["https:\/\/poisesrl.com\/index.php\/luxury-gates\/"]}]},{"@type":"ImageObject","inLanguage":"it-IT","@id":"https:\/\/poisesrl.com\/index.php\/luxury-gates\/#primaryimage","url":"https:\/\/poisesrl.com\/wp-content\/uploads\/2023\/02\/Frezza.jpg","contentUrl":"https:\/\/poisesrl.com\/wp-content\/uploads\/2023\/02\/Frezza.jpg","width":790,"height":489},{"@type":"BreadcrumbList","@id":"https:\/\/poisesrl.com\/index.php\/luxury-gates\/#breadcrumb","itemListElement":[{"@type":"ListItem","position":1,"name":"Home","item":"https:\/\/poisesrl.com\/"},{"@type":"ListItem","position":2,"name":"gates luxury"}]},{"@type":"WebSite","@id":"https:\/\/poisesrl.com\/#website","url":"https:\/\/poisesrl.com\/","name":"https:\/\/poisesrl.com\/","description":"Cancelli per Ville Lusso Luxury Poise srl ","publisher":{"@id":"https:\/\/poisesrl.com\/#organization"},"potentialAction":[{"@type":"SearchAction","target":{"@type":"EntryPoint","urlTemplate":"https:\/\/poisesrl.com\/?s={search_term_string}"},"query-input":{"@type":"PropertyValueSpecification","valueRequired":true,"valueName":"search_term_string"}}],"inLanguage":"it-IT"},{"@type":"Organization","@id":"https:\/\/poisesrl.com\/#organization","name":"cancelli per ville","url":"https:\/\/poisesrl.com\/","logo":{"@type":"ImageObject","inLanguage":"it-IT","@id":"https:\/\/poisesrl.com\/#\/schema\/logo\/image\/","url":"https:\/\/poisesrl.com\/wp-content\/uploads\/2024\/12\/logohomepage.jpg","contentUrl":"https:\/\/poisesrl.com\/wp-content\/uploads\/2024\/12\/logohomepage.jpg","width":1004,"height":894,"caption":"cancelli per ville"},"image":{"@id":"https:\/\/poisesrl.com\/#\/schema\/logo\/image\/"}}]}},"_links":{"self":[{"href":"https:\/\/poisesrl.com\/index.php\/wp-json\/wp\/v2\/pages\/1506","targetHints":{"allow":["GET"]}}],"collection":[{"href":"https:\/\/poisesrl.com\/index.php\/wp-json\/wp\/v2\/pages"}],"about":[{"href":"https:\/\/poisesrl.com\/index.php\/wp-json\/wp\/v2\/types\/page"}],"author":[{"embeddable":true,"href":"https:\/\/poisesrl.com\/index.php\/wp-json\/wp\/v2\/users\/1"}],"replies":[{"embeddable":true,"href":"https:\/\/poisesrl.com\/index.php\/wp-json\/wp\/v2\/comments?post=1506"}],"version-history":[{"count":121,"href":"https:\/\/poisesrl.com\/index.php\/wp-json\/wp\/v2\/pages\/1506\/revisions"}],"predecessor-version":[{"id":5149,"href":"https:\/\/poisesrl.com\/index.php\/wp-json\/wp\/v2\/pages\/1506\/revisions\/5149"}],"wp:featuredmedia":[{"embeddable":true,"href":"https:\/\/poisesrl.com\/index.php\/wp-json\/wp\/v2\/media\/4068"}],"wp:attachment":[{"href":"https:\/\/poisesrl.com\/index.php\/wp-json\/wp\/v2\/media?parent=1506"}],"curies":[{"name":"wp","href":"https:\/\/api.w.org\/{rel}","templated":true}]}}